{"id":1727,"date":"2024-03-11T21:42:34","date_gmt":"2024-03-12T00:42:34","guid":{"rendered":"https:\/\/ieslolamora-tuc.infd.edu.ar\/sitio\/?page_id=1727"},"modified":"2026-03-09T16:24:45","modified_gmt":"2026-03-09T19:24:45","slug":"matricula-2024","status":"publish","type":"page","link":"https:\/\/ieslolamora-tuc.infd.edu.ar\/sitio\/matricula-2024\/","title":{"rendered":"MATRICULA 2026"},"content":{"rendered":"<p>Hoy comienza la Matricula de Alumnos <strong>de 2\u00b0 a 4\u00b0 A\u00f1o y recursantes del 1\u00b0 A\u00f1o.<\/strong><\/p>\n<p>Deben entrar al Link, Completar el Formulario, Imprimirlo, Firmarlo y presentarlo en Secci\u00f3n Alumnos. El formulario de Matr\u00edcula se descarga sin Problemas desde una PC\u00a0 \u00a0 \u00a0<\/p>\n<p><a href=\"https:\/\/ieslm.distuc.com\/matricula2026\">https:\/\/ieslm.distuc.com\/matricula2026<\/a><\/p>\n\n\n\n\n<p><\/p>\n\n\n\n<p><\/p>\n\n\n\n<figure class=\"wp-block-image size-full\"><img decoding=\"async\" loading=\"lazy\" width=\"274\" height=\"272\" src=\"https:\/\/ieslolamora-tuc.infd.edu.ar\/sitio\/wp-content\/uploads\/2026\/03\/REGISTRO-UNICO-DE-ALUMNOS-2026-IES-LOLAMORA.jpg\" alt=\"\" class=\"wp-image-1858\"\/><\/figure>\n","protected":false},"excerpt":{"rendered":"<p>Hoy comienza la Matricula de Alumnos de 2\u00b0 a 4\u00b0 A\u00f1o y recursantes del 1\u00b0 A\u00f1o. Deben entrar al Link, Completar el Formulario, Imprimirlo, Firmarlo y presentarlo en Secci\u00f3n Alumnos. El formulario de Matr\u00edcula se descarga sin Problemas desde una PC\u00a0 \u00a0 \u00a0 https:\/\/ieslm.distuc.com\/matricula2026<\/p>\n","protected":false},"author":2983,"featured_media":0,"parent":0,"menu_order":0,"comment_status":"closed","ping_status":"closed","template":"","meta":[],"acf":[],"_links":{"self":[{"href":"https:\/\/ieslolamora-tuc.infd.edu.ar\/sitio\/wp-json\/wp\/v2\/pages\/1727"}],"collection":[{"href":"https:\/\/ieslolamora-tuc.infd.edu.ar\/sitio\/wp-json\/wp\/v2\/pages"}],"about":[{"href":"https:\/\/ieslolamora-tuc.infd.edu.ar\/sitio\/wp-json\/wp\/v2\/types\/page"}],"author":[{"embeddable":true,"href":"https:\/\/ieslolamora-tuc.infd.edu.ar\/sitio\/wp-json\/wp\/v2\/users\/2983"}],"replies":[{"embeddable":true,"href":"https:\/\/ieslolamora-tuc.infd.edu.ar\/sitio\/wp-json\/wp\/v2\/comments?post=1727"}],"version-history":[{"count":7,"href":"https:\/\/ieslolamora-tuc.infd.edu.ar\/sitio\/wp-json\/wp\/v2\/pages\/1727\/revisions"}],"predecessor-version":[{"id":1863,"href":"https:\/\/ieslolamora-tuc.infd.edu.ar\/sitio\/wp-json\/wp\/v2\/pages\/1727\/revisions\/1863"}],"wp:attachment":[{"href":"https:\/\/ieslolamora-tuc.infd.edu.ar\/sitio\/wp-json\/wp\/v2\/media?parent=1727"}],"curies":[{"name":"wp","href":"https:\/\/api.w.org\/{rel}","templated":true}]}}