{"id":1738,"date":"2025-12-01T14:31:27","date_gmt":"2025-12-01T17:31:27","guid":{"rendered":"https:\/\/ieslolamora-tuc.infd.edu.ar\/sitio\/?page_id=1738"},"modified":"2026-03-21T00:05:07","modified_gmt":"2026-03-21T03:05:07","slug":"ingreso-2025","status":"publish","type":"page","link":"https:\/\/ieslolamora-tuc.infd.edu.ar\/sitio\/ingreso-2025\/","title":{"rendered":"INGRESO 2026"},"content":{"rendered":"\n<p>Brindamos la bienvenida y los mejores saludos.<\/p>\n\n\n\n<p>Estimados Estudiantes Ingresantes a los Profesorados de Econom\u00eda, Franc\u00e9s, Ingl\u00e9s, Matem\u00e1tica, tenemos el agrado de comunicar que se encuentra abierta la preinscripci\u00f3n desde el 01\/12\/2025 hasta el 17\/02\/2026 . <\/p>\n\n\n\n<p><strong>Talleres de Ingreso <\/strong> <\/p>\n\n\n\n<p>Se informa a los estudiantes preinscriptos para el ciclo lectivo 2026 que los taller de ingreso &nbsp;se realizaran a partir del &nbsp;d\u00eda lunes 23 de&nbsp; Febrero, hasta el 13 marzo del corriente &nbsp;a\u00f1o &nbsp;desde&nbsp; horas&nbsp; 19:30 en todos los profesorados. <\/p>\n\n\n\n<ul>\n<li>Profesorado de Econom\u00eda<\/li>\n\n\n\n<li>Profesorado de Frances<\/li>\n\n\n\n<li>Profesorado de Ingles &nbsp;&nbsp;<\/li>\n\n\n\n<li>Profesorado de Matem\u00e1ticas<\/li>\n<\/ul>\n\n\n\n<p>Rectora   Lic. Alicia  Mabel Segovia  y Equipo de Conducci\u00f3n IES Lola Mora<\/p>\n\n\n\n<p>Adjuntamos el enlace de preinscripci\u00f3n e imagen  de  c\u00f3digo QR  <\/p>\n\n\n\n<p><a href=\"https:\/\/ieslm.distuc.com\/preinscripcion2026\/\">https:\/\/ieslm.distuc.com\/preinscripcion2026\/<\/a><\/p>\n\n\n\n<figure class=\"wp-block-image size-full\"><img decoding=\"async\" loading=\"lazy\" width=\"300\" height=\"300\" src=\"https:\/\/ieslolamora-tuc.infd.edu.ar\/sitio\/wp-content\/uploads\/2025\/12\/preinscripcion2026.png\" alt=\"\" class=\"wp-image-1802\"\/><\/figure>\n\n\n\n<p>A partir  del  5 de diciembre actualizaremos  material de consulta    <\/p>\n\n\n\n<figure class=\"wp-block-embed\"><div class=\"wp-block-embed__wrapper\">\nhttps:\/\/ieslm.distuc.com\/preinscripcion2026\/\n<\/div><\/figure>\n\n\n\n\n\n<div class=\"wp-block-file\"><a id=\"wp-block-file--media-748cdeec-0c22-44ae-91f3-c9a45f399bd8\" href=\"https:\/\/ieslolamora-tuc.infd.edu.ar\/sitio\/wp-content\/uploads\/2024\/12\/Profesorado-de-Frances-PROGRAMA-INGRESO-2025-IES-Lola-Mora-1.rtf\">Profesorado-de-Frances-PROGRAMA-INGRESO-2025-IES-Lola-Mora-1<\/a><a href=\"https:\/\/ieslolamora-tuc.infd.edu.ar\/sitio\/wp-content\/uploads\/2024\/12\/Profesorado-de-Frances-PROGRAMA-INGRESO-2025-IES-Lola-Mora-1.rtf\" class=\"wp-block-file__button wp-element-button\" download aria-describedby=\"wp-block-file--media-748cdeec-0c22-44ae-91f3-c9a45f399bd8\">Descarga<\/a><\/div>\n\n\n\n<ul>\n<li><a href=\"https:\/\/drive.google.com\/drive\/my-drive\" data-type=\"URL\" data-id=\"https:\/\/drive.google.com\/drive\/my-drive\">https:\/\/drive.google.com\/drive\/my-drive<\/a><\/li>\n<\/ul>\n\n\n\n<p><\/p>\n\n\n\n<div class=\"wp-block-file\"><object class=\"wp-block-file__embed\" data=\"https:\/\/ieslolamora-tuc.infd.edu.ar\/sitio\/wp-content\/uploads\/2025\/12\/Programa-ingreso-Matematica-2026-2.pdf\" type=\"application\/pdf\" style=\"width:100%;height:600px\" aria-label=\"Incrustado de Programa-ingreso-Matematica-2026-2.\"><\/object><a id=\"wp-block-file--media-67f0a3b0-ca7f-44f5-a107-d4470e7cc53b\" href=\"https:\/\/ieslolamora-tuc.infd.edu.ar\/sitio\/wp-content\/uploads\/2025\/12\/Programa-ingreso-Matematica-2026-2.pdf\">Programa-ingreso-Matematica-2026-2<\/a><a href=\"https:\/\/ieslolamora-tuc.infd.edu.ar\/sitio\/wp-content\/uploads\/2025\/12\/Programa-ingreso-Matematica-2026-2.pdf\" class=\"wp-block-file__button wp-element-button\" download aria-describedby=\"wp-block-file--media-67f0a3b0-ca7f-44f5-a107-d4470e7cc53b\">Descarga<\/a><\/div>\n\n\n\n<div class=\"wp-block-file\"><object class=\"wp-block-file__embed\" data=\"https:\/\/ieslolamora-tuc.infd.edu.ar\/sitio\/wp-content\/uploads\/2024\/12\/Cuadernillo-Ingreso-Lola-Mora-2025-Profesorado-de-Matematica.pdf\" type=\"application\/pdf\" style=\"width:100%;height:600px\" aria-label=\"Incrustado de Cuadernillo-Ingreso-Lola-Mora-2025-Profesorado-de-Matematica.\"><\/object><a id=\"wp-block-file--media-cd7d4d72-e4e4-4a8b-905b-b30fef9fb55c\" href=\"https:\/\/ieslolamora-tuc.infd.edu.ar\/sitio\/wp-content\/uploads\/2024\/12\/Cuadernillo-Ingreso-Lola-Mora-2025-Profesorado-de-Matematica.pdf\">Cuadernillo-Ingreso-Lola-Mora-2025-Profesorado-de-Matematica<\/a><a href=\"https:\/\/ieslolamora-tuc.infd.edu.ar\/sitio\/wp-content\/uploads\/2024\/12\/Cuadernillo-Ingreso-Lola-Mora-2025-Profesorado-de-Matematica.pdf\" class=\"wp-block-file__button wp-element-button\" download aria-describedby=\"wp-block-file--media-cd7d4d72-e4e4-4a8b-905b-b30fef9fb55c\">Descarga<\/a><\/div>\n\n\n\n<div class=\"wp-block-columns is-layout-flex wp-container-2\">\n<div class=\"wp-block-column is-layout-flow\" style=\"flex-basis:100%\">\n<div class=\"wp-block-file\"><object class=\"wp-block-file__embed\" data=\"https:\/\/ieslolamora-tuc.infd.edu.ar\/sitio\/wp-content\/uploads\/2025\/12\/Profesorado-de-Frances-PROGRAMA-INGRESO-2025-IES-Lola-Mora-1-1.pdf\" type=\"application\/pdf\" style=\"width:100%;height:600px\" aria-label=\"Incrustado de Profesorado-de-Frances-PROGRAMA-INGRESO-2026-IES-Lola-Mora-1-1.\"><\/object><a id=\"wp-block-file--media-7c1d2be7-72c3-4b06-8d33-76bef5be2a72\" href=\"https:\/\/ieslolamora-tuc.infd.edu.ar\/sitio\/wp-content\/uploads\/2025\/12\/Profesorado-de-Frances-PROGRAMA-INGRESO-2025-IES-Lola-Mora-1-1.pdf\">Profesorado-de-Frances-PROGRAMA-INGRESO-2026-IES-Lola-Mora-1-1<\/a><a href=\"https:\/\/ieslolamora-tuc.infd.edu.ar\/sitio\/wp-content\/uploads\/2025\/12\/Profesorado-de-Frances-PROGRAMA-INGRESO-2025-IES-Lola-Mora-1-1.pdf\" class=\"wp-block-file__button wp-element-button\" download aria-describedby=\"wp-block-file--media-7c1d2be7-72c3-4b06-8d33-76bef5be2a72\">Descarga<\/a><\/div>\n<\/div>\n<\/div>\n\n\n\n<div class=\"wp-block-file\"><object class=\"wp-block-file__embed\" data=\"https:\/\/ieslolamora-tuc.infd.edu.ar\/sitio\/wp-content\/uploads\/2025\/12\/INGRESO26-SIC-2.pdf\" type=\"application\/pdf\" style=\"width:100%;height:600px\" aria-label=\"Incrustado de INGRESO26-SIC-2.\"><\/object><a id=\"wp-block-file--media-c11ae007-7546-4eb9-bf83-bc0f56596ab7\" href=\"https:\/\/ieslolamora-tuc.infd.edu.ar\/sitio\/wp-content\/uploads\/2025\/12\/INGRESO26-SIC-2.pdf\">INGRESO26-SIC-2<\/a><a href=\"https:\/\/ieslolamora-tuc.infd.edu.ar\/sitio\/wp-content\/uploads\/2025\/12\/INGRESO26-SIC-2.pdf\" class=\"wp-block-file__button wp-element-button\" download aria-describedby=\"wp-block-file--media-c11ae007-7546-4eb9-bf83-bc0f56596ab7\">Descarga<\/a><\/div>\n\n\n\n<div class=\"wp-block-file\"><object class=\"wp-block-file__embed\" data=\"https:\/\/ieslolamora-tuc.infd.edu.ar\/sitio\/wp-content\/uploads\/2024\/12\/Economia_Programa-de-Ingreso-2025.pdf\" type=\"application\/pdf\" style=\"width:100%;height:600px\" aria-label=\"Incrustado de Economia_Programa-de-Ingreso-2025.\"><\/object><a id=\"wp-block-file--media-a1edd1f1-c1a2-4279-9f95-0a473334f977\" href=\"https:\/\/ieslolamora-tuc.infd.edu.ar\/sitio\/wp-content\/uploads\/2024\/12\/Economia_Programa-de-Ingreso-2025.pdf\">Economia_Programa-de-Ingreso-2025<\/a><a href=\"https:\/\/ieslolamora-tuc.infd.edu.ar\/sitio\/wp-content\/uploads\/2024\/12\/Economia_Programa-de-Ingreso-2025.pdf\" class=\"wp-block-file__button wp-element-button\" download aria-describedby=\"wp-block-file--media-a1edd1f1-c1a2-4279-9f95-0a473334f977\">Descarga<\/a><\/div>\n\n\n\n<div class=\"wp-block-file\"><object class=\"wp-block-file__embed\" data=\"https:\/\/ieslolamora-tuc.infd.edu.ar\/sitio\/wp-content\/uploads\/2025\/12\/PROGRAMA-INGRESO-2026-Ingles-IESLOLAMORA.pdf\" type=\"application\/pdf\" style=\"width:100%;height:600px\" aria-label=\"Incrustado de PROGRAMA-INGRESO-2026-Ingles-IESLOLAMORA.\"><\/object><a id=\"wp-block-file--media-9e466773-7fb4-49f3-af82-0e14c4e9ef2b\" href=\"https:\/\/ieslolamora-tuc.infd.edu.ar\/sitio\/wp-content\/uploads\/2025\/12\/PROGRAMA-INGRESO-2026-Ingles-IESLOLAMORA.pdf\">PROGRAMA-INGRESO-2026-Ingles-IESLOLAMORA<\/a><a href=\"https:\/\/ieslolamora-tuc.infd.edu.ar\/sitio\/wp-content\/uploads\/2025\/12\/PROGRAMA-INGRESO-2026-Ingles-IESLOLAMORA.pdf\" class=\"wp-block-file__button wp-element-button\" download aria-describedby=\"wp-block-file--media-9e466773-7fb4-49f3-af82-0e14c4e9ef2b\">Descarga<\/a><\/div>\n","protected":false},"excerpt":{"rendered":"<p>Brindamos la bienvenida y los mejores saludos. Estimados Estudiantes Ingresantes a los Profesorados de Econom\u00eda, Franc\u00e9s, Ingl\u00e9s, Matem\u00e1tica, tenemos el agrado de comunicar que se encuentra abierta la preinscripci\u00f3n desde el 01\/12\/2025 hasta el 17\/02\/2026 . Talleres de Ingreso Se informa a los estudiantes preinscriptos para el ciclo lectivo 2026 que los taller de ingreso &#8230; <a title=\"INGRESO 2026\" class=\"read-more\" href=\"https:\/\/ieslolamora-tuc.infd.edu.ar\/sitio\/ingreso-2025\/\" aria-label=\"More on INGRESO 2026\">[+]<\/a><\/p>\n","protected":false},"author":2983,"featured_media":0,"parent":0,"menu_order":0,"comment_status":"closed","ping_status":"closed","template":"","meta":[],"acf":[],"_links":{"self":[{"href":"https:\/\/ieslolamora-tuc.infd.edu.ar\/sitio\/wp-json\/wp\/v2\/pages\/1738"}],"collection":[{"href":"https:\/\/ieslolamora-tuc.infd.edu.ar\/sitio\/wp-json\/wp\/v2\/pages"}],"about":[{"href":"https:\/\/ieslolamora-tuc.infd.edu.ar\/sitio\/wp-json\/wp\/v2\/types\/page"}],"author":[{"embeddable":true,"href":"https:\/\/ieslolamora-tuc.infd.edu.ar\/sitio\/wp-json\/wp\/v2\/users\/2983"}],"replies":[{"embeddable":true,"href":"https:\/\/ieslolamora-tuc.infd.edu.ar\/sitio\/wp-json\/wp\/v2\/comments?post=1738"}],"version-history":[{"count":13,"href":"https:\/\/ieslolamora-tuc.infd.edu.ar\/sitio\/wp-json\/wp\/v2\/pages\/1738\/revisions"}],"predecessor-version":[{"id":1884,"href":"https:\/\/ieslolamora-tuc.infd.edu.ar\/sitio\/wp-json\/wp\/v2\/pages\/1738\/revisions\/1884"}],"wp:attachment":[{"href":"https:\/\/ieslolamora-tuc.infd.edu.ar\/sitio\/wp-json\/wp\/v2\/media?parent=1738"}],"curies":[{"name":"wp","href":"https:\/\/api.w.org\/{rel}","templated":true}]}}