{"id":1914,"date":"2026-04-07T19:41:27","date_gmt":"2026-04-07T22:41:27","guid":{"rendered":"https:\/\/ieslolamora-tuc.infd.edu.ar\/sitio\/?page_id=1914"},"modified":"2026-04-08T12:28:18","modified_gmt":"2026-04-08T15:28:18","slug":"info-docente","status":"publish","type":"page","link":"https:\/\/ieslolamora-tuc.infd.edu.ar\/sitio\/info-docente\/","title":{"rendered":"INFO DOCENTE"},"content":{"rendered":"\n<p>Panel de Informaci\u00f3n para el Docente<\/p>\n\n\n\n<h2 class=\"wp-block-heading\">Libreta Digital de Asistencia de Alumnos 2026<\/h2>\n\n\n\n<p>El IES Lola Mora, comparte a su Plantel Docente, la Nueva Libreta Digital para el control de Asistencia, Trabajos Pr\u00e1cticos y Calificaci\u00f3n Final, elaborada en un Libro de Excel para su descarga con su correspondiente instructivo para su aplicaci\u00f3n.<\/p>\n\n\n\n<div class=\"wp-block-file\"><a id=\"wp-block-file--media-209ea1cb-a827-4ab1-91cf-dd42ac3d3994\" href=\"https:\/\/ieslolamora-tuc.infd.edu.ar\/sitio\/wp-content\/uploads\/2026\/04\/LIBRETA-DE-ASISTENCIA-DEL-ALUMNO-POR-MATERIA_2026.xlsx\">LIBRETA DE ASISTENCIA DEL ALUMNO POR MATERIA_2026<\/a><a href=\"https:\/\/ieslolamora-tuc.infd.edu.ar\/sitio\/wp-content\/uploads\/2026\/04\/LIBRETA-DE-ASISTENCIA-DEL-ALUMNO-POR-MATERIA_2026.xlsx\" class=\"wp-block-file__button wp-element-button\" download aria-describedby=\"wp-block-file--media-209ea1cb-a827-4ab1-91cf-dd42ac3d3994\">Descarga<\/a><\/div>\n\n\n\n<div class=\"wp-block-file\"><object class=\"wp-block-file__embed\" data=\"https:\/\/ieslolamora-tuc.infd.edu.ar\/sitio\/wp-content\/uploads\/2026\/04\/Instructivo-Libreta-Asistencia-Digital.pdf\" type=\"application\/pdf\" style=\"width:100%;height:600px\" aria-label=\"Incrustado de Instructivo - Libreta Asistencia Digital.\"><\/object><a id=\"wp-block-file--media-56e3e9f6-40f1-4ef5-ad42-c8ad6c9420e1\" href=\"https:\/\/ieslolamora-tuc.infd.edu.ar\/sitio\/wp-content\/uploads\/2026\/04\/Instructivo-Libreta-Asistencia-Digital.pdf\">Instructivo &#8211; Libreta Asistencia Digital<\/a><a href=\"https:\/\/ieslolamora-tuc.infd.edu.ar\/sitio\/wp-content\/uploads\/2026\/04\/Instructivo-Libreta-Asistencia-Digital.pdf\" class=\"wp-block-file__button wp-element-button\" download aria-describedby=\"wp-block-file--media-56e3e9f6-40f1-4ef5-ad42-c8ad6c9420e1\">Descarga<\/a><\/div>\n","protected":false},"excerpt":{"rendered":"<p>Panel de Informaci\u00f3n para el Docente Libreta Digital de Asistencia de Alumnos 2026 El IES Lola Mora, comparte a su Plantel Docente, la Nueva Libreta Digital para el control de Asistencia, Trabajos Pr\u00e1cticos y Calificaci\u00f3n Final, elaborada en un Libro de Excel para su descarga con su correspondiente instructivo para su aplicaci\u00f3n.<\/p>\n","protected":false},"author":6335,"featured_media":0,"parent":0,"menu_order":0,"comment_status":"closed","ping_status":"closed","template":"","meta":[],"acf":[],"_links":{"self":[{"href":"https:\/\/ieslolamora-tuc.infd.edu.ar\/sitio\/wp-json\/wp\/v2\/pages\/1914"}],"collection":[{"href":"https:\/\/ieslolamora-tuc.infd.edu.ar\/sitio\/wp-json\/wp\/v2\/pages"}],"about":[{"href":"https:\/\/ieslolamora-tuc.infd.edu.ar\/sitio\/wp-json\/wp\/v2\/types\/page"}],"author":[{"embeddable":true,"href":"https:\/\/ieslolamora-tuc.infd.edu.ar\/sitio\/wp-json\/wp\/v2\/users\/6335"}],"replies":[{"embeddable":true,"href":"https:\/\/ieslolamora-tuc.infd.edu.ar\/sitio\/wp-json\/wp\/v2\/comments?post=1914"}],"version-history":[{"count":6,"href":"https:\/\/ieslolamora-tuc.infd.edu.ar\/sitio\/wp-json\/wp\/v2\/pages\/1914\/revisions"}],"predecessor-version":[{"id":1929,"href":"https:\/\/ieslolamora-tuc.infd.edu.ar\/sitio\/wp-json\/wp\/v2\/pages\/1914\/revisions\/1929"}],"wp:attachment":[{"href":"https:\/\/ieslolamora-tuc.infd.edu.ar\/sitio\/wp-json\/wp\/v2\/media?parent=1914"}],"curies":[{"name":"wp","href":"https:\/\/api.w.org\/{rel}","templated":true}]}}