{"id":836,"date":"2018-08-31T18:29:07","date_gmt":"2018-08-31T21:29:07","guid":{"rendered":"https:\/\/ieslolamora-tuc.infd.edu.ar\/sitio\/el-instituto\/"},"modified":"2026-03-21T00:00:43","modified_gmt":"2026-03-21T03:00:43","slug":"el-instituto","status":"publish","type":"page","link":"https:\/\/ieslolamora-tuc.infd.edu.ar\/sitio\/el-instituto\/","title":{"rendered":"EL INSTITUTO"},"content":{"rendered":"<p style=\"text-align: center;\">&nbsp;<\/p>\n<p style=\"text-align: center;\"><span style=\"font-size: 20pt; mso-bidi-font-size: 10.0pt;\" lang=\"ES-TRAD\"><span style=\"color: #000000;\"><span style=\"font-size: 18pt;\"><span style=\"font-size: 36pt;\">I<span style=\"font-size: 18pt;\">ns<\/span><\/span><span style=\"font-size: 18pt;\">tituto de <\/span><\/span><\/span><\/span><span style=\"color: #000000;\"><span style=\"font-size: 18pt;\">Ense\u00f1anza Superior <\/span><\/span><\/p>\n<p class=\"MsoNormal\" style=\"margin: 0cm 0cm 0pt; text-align: center;\"><span lang=\"ES-TRAD\"><span style=\"font-size: 10pt;\"><span style=\"color: #000000;\"><span style=\"font-family: Times New Roman;\">&nbsp;<\/span><\/span><\/span><\/span><span style=\"font-family: 'Arial Black'; font-size: 24pt;\">\u201cLola Mora\u201d<\/span><\/p>\n<p class=\"MsoNormal\" style=\"margin: 0cm 0cm 0pt; text-align: center;\"><span style=\"font-size: 8pt; font-family: Arial; mso-bidi-font-size: 10.0pt; mso-bidi-font-family: 'Times New Roman';\" lang=\"ES-TRAD\"><em><span style=\"color: #000000;\">Registro Nro. 16<\/span><\/em><\/span><\/p>\n<h2 style=\"margin: 0cm 0cm 0pt; text-align: center;\"><span lang=\"ES-TRAD\"><em><span style=\"font-size: 10pt; color: #000000; font-family: Arial;\">&nbsp;&nbsp;&nbsp;&nbsp;&nbsp;&nbsp;&nbsp; Red Federal de Formaci\u00f3n Docente Continua<\/span><\/em><\/span><\/h2>\n<p class=\"MsoNormal\" style=\"margin: 0cm 0cm 0pt;\"><span lang=\"ES-TRAD\"><span style=\"font-size: 10pt;\"><span style=\"color: #000000;\"><span style=\"font-family: Times New Roman;\">&nbsp;<\/span><\/span><\/span><\/span><\/p>\n<p class=\"MsoNormal\" style=\"margin: 0cm 0cm 0pt;\"><span lang=\"ES-TRAD\"><span style=\"font-size: 10pt;\"><span style=\"color: #000000;\"><span style=\"font-family: Times New Roman;\">&nbsp;<\/span><\/span><\/span><\/span><\/p>\n<p class=\"MsoNormal\" style=\"margin: 0cm 0cm 0pt; text-align: center;\"><span style=\"font-size: 14pt; font-family: Arial; mso-bidi-font-size: 10.0pt; mso-bidi-font-family: 'Times New Roman';\" lang=\"ES-TRAD\"><span style=\"color: #000000;\">INSTITUCI\u00d3N DE GESTI\u00d3N OFICIAL y ACREDITADA<\/span><\/span><\/p>\n<p class=\"MsoNormal\" style=\"margin: 0cm 0cm 0pt; text-align: center;\"><span style=\"font-family: Arial; font-size: 14pt;\">&nbsp;<\/span><\/p>\n<p class=\"MsoNormal\" style=\"margin: 0cm 0cm 0pt; text-align: center;\"><span style=\"font-size: 9pt; font-family: Arial; mso-bidi-font-size: 10.0pt; mso-bidi-font-family: 'Times New Roman';\" lang=\"ES-TRAD\"><span style=\"color: #000000;\"><strong>&nbsp; &nbsp; &nbsp;Mu\u00f1ecas 219 -1er Piso<span style=\"mso-tab-count: 1;\">&nbsp;&nbsp;&nbsp;&nbsp;&nbsp; <\/span><\/strong><\/span><\/span><\/p>\n<p class=\"MsoNormal\" style=\"margin: 0cm 0cm 0pt; text-align: center;\"><span style=\"font-size: 9pt; font-family: Arial; mso-bidi-font-size: 10.0pt; mso-bidi-font-family: 'Times New Roman';\" lang=\"ES-TRAD\"><span style=\"color: #000000;\"><strong><span style=\"mso-tab-count: 1;\">&nbsp;<\/span>Tel.\/Fax: 0381-4305316<\/strong><\/span><\/span><\/p>\n<p class=\"MsoNormal\" style=\"margin: 0cm 0cm 0pt; text-align: center;\"><span style=\"font-size: 9pt; font-family: Arial; mso-bidi-font-size: 10.0pt; mso-bidi-font-family: 'Times New Roman';\" lang=\"ES-TRAD\"><span style=\"color: #000000;\"><strong>San Miguel de Tucum\u00e1n \u2013 ARGENTINA<\/strong><\/span><\/span><\/p>\n<p class=\"MsoNormal\" style=\"margin: 0cm 0cm 0pt; text-align: center;\"><span style=\"font-size: 9pt; font-family: Arial; mso-bidi-font-size: 10.0pt; mso-bidi-font-family: 'Times New Roman';\" lang=\"ES-TRAD\"><strong><span style=\"color: #000000;\">E-Mail: ieslolamora @ gmail.com<\/span><\/strong><\/span><\/p>\n","protected":false},"excerpt":{"rendered":"<p>&nbsp; Instituto de Ense\u00f1anza Superior &nbsp;\u201cLola Mora\u201d Registro Nro. 16 &nbsp;&nbsp;&nbsp;&nbsp;&nbsp;&nbsp;&nbsp; Red Federal de Formaci\u00f3n Docente Continua &nbsp; &nbsp; INSTITUCI\u00d3N DE GESTI\u00d3N OFICIAL y ACREDITADA &nbsp; &nbsp; &nbsp; &nbsp;Mu\u00f1ecas 219 -1er Piso&nbsp;&nbsp;&nbsp;&nbsp;&nbsp; &nbsp;Tel.\/Fax: 0381-4305316 San Miguel de Tucum\u00e1n \u2013 ARGENTINA E-Mail: ieslolamora @ gmail.com<\/p>\n","protected":false},"author":2983,"featured_media":0,"parent":0,"menu_order":0,"comment_status":"closed","ping_status":"closed","template":"","meta":[],"acf":[],"_links":{"self":[{"href":"https:\/\/ieslolamora-tuc.infd.edu.ar\/sitio\/wp-json\/wp\/v2\/pages\/836"}],"collection":[{"href":"https:\/\/ieslolamora-tuc.infd.edu.ar\/sitio\/wp-json\/wp\/v2\/pages"}],"about":[{"href":"https:\/\/ieslolamora-tuc.infd.edu.ar\/sitio\/wp-json\/wp\/v2\/types\/page"}],"author":[{"embeddable":true,"href":"https:\/\/ieslolamora-tuc.infd.edu.ar\/sitio\/wp-json\/wp\/v2\/users\/2983"}],"replies":[{"embeddable":true,"href":"https:\/\/ieslolamora-tuc.infd.edu.ar\/sitio\/wp-json\/wp\/v2\/comments?post=836"}],"version-history":[{"count":1,"href":"https:\/\/ieslolamora-tuc.infd.edu.ar\/sitio\/wp-json\/wp\/v2\/pages\/836\/revisions"}],"predecessor-version":[{"id":1882,"href":"https:\/\/ieslolamora-tuc.infd.edu.ar\/sitio\/wp-json\/wp\/v2\/pages\/836\/revisions\/1882"}],"wp:attachment":[{"href":"https:\/\/ieslolamora-tuc.infd.edu.ar\/sitio\/wp-json\/wp\/v2\/media?parent=836"}],"curies":[{"name":"wp","href":"https:\/\/api.w.org\/{rel}","templated":true}]}}